{"id":3245,"date":"2023-02-03T13:47:14","date_gmt":"2023-02-03T13:47:14","guid":{"rendered":"https:\/\/shorts.tv\/es\/?page_id=3245"},"modified":"2023-02-03T13:47:15","modified_gmt":"2023-02-03T13:47:15","slug":"viva-cortos-festival-de-cine-2023","status":"publish","type":"page","link":"https:\/\/shorts.tv\/es\/events\/viva-cortos-festival-de-cine-2023","title":{"rendered":"\u00a1Viva Cortos! Festival de Cine 2023"},"content":{"rendered":"\n<p>Ahora en su segundo a\u00f1o, el Festival de Cine \u00a1Viva Cortos! ha sido creado por TVCortos para honrar y reconocer el trabajo excepcional de los cineastas de Espa\u00f1a y Am\u00e9rica Latina.<br><br>Nuestro objetivo es descubrir cortometrajes cinematogr\u00e1ficos de alta calidad de estas regiones y proveer a tres de los seleccionados la oportunidad de calificar para el Oscar.<\/p>\n\n\n\n<p>Durante nuestro festival inaugural el a\u00f1o pasado, calificamos 4 cortometrajes para consideraci\u00f3n al \u00d3scar con una proyecci\u00f3n teatral de los ganadores en Los \u00c1ngeles. \u00a1Dos de nuestros ganadores, \u201cTula\u201d y \u201cPlastic Killer\u201d, eventualmente avanzaron a los 15 cortometrajes de ficci\u00f3n (acci\u00f3n real), finalistas preseleccionados para los Premios de la Academia 2023 (\u00d3scar)!<br><br>Los 15 mejores cortometrajes seleccionados este a\u00f1o se proyectar\u00e1n en un festival exclusivo para televisi\u00f3n en los canales TVCortos, Cortos US y ShortsTV a nivel mundial.<\/p>\n\n\n\n<p>Importante: Si tu cortometraje es seleccionado entre los Top 15, deber\u00e1s firmar el \u00a1Viva Cortos! acuerdo de licencia de exhibici\u00f3n el cual otorga derecho a Shorts International Limited, propietario de TVCortos y ShortsTV, a transmitir tu cortometraje como parte de la programaci\u00f3n televisiva del festival. Estos derechos para FreeTV, PayTV y digital ser\u00e1n por tiempo limitado en los canales lineales y digitales de la compa\u00f1\u00eda.<\/p>\n\n\n\n<p>Los Top 3 se proyectar\u00e1n en un cine de Los \u00c1ngeles o Nueva York durante una semana como un evento con audiencia para que sean elegibles para la consideraci\u00f3n al Oscar. Se entregar\u00e1n premios al Mejor Acci\u00f3n Real, Mejor Animaci\u00f3n y Mejor Documental.<\/p>\n","protected":false},"excerpt":{"rendered":"Ahora en su segundo a\u00f1o, el Festival de Cine \u00a1Viva Cortos! ha sido creado por TVCortos para honrar y reconocer el trabajo excepcional de los cineastas de Espa\u00f1a y Am\u00e9rica Latina. Nuestro objetivo es descubrir cortometrajes cinematogr\u00e1ficos de alta calidad de estas regiones y proveer a tres de los seleccionados la oportunidad de calificar para [&hellip;]","protected":false},"author":1,"featured_media":0,"parent":13,"menu_order":0,"comment_status":"closed","ping_status":"closed","template":"templates\/events_single.php","meta":[],"_links":{"self":[{"href":"https:\/\/shorts.tv\/es\/wp-json\/wp\/v2\/pages\/3245"}],"collection":[{"href":"https:\/\/shorts.tv\/es\/wp-json\/wp\/v2\/pages"}],"about":[{"href":"https:\/\/shorts.tv\/es\/wp-json\/wp\/v2\/types\/page"}],"author":[{"embeddable":true,"href":"https:\/\/shorts.tv\/es\/wp-json\/wp\/v2\/users\/1"}],"replies":[{"embeddable":true,"href":"https:\/\/shorts.tv\/es\/wp-json\/wp\/v2\/comments?post=3245"}],"version-history":[{"count":5,"href":"https:\/\/shorts.tv\/es\/wp-json\/wp\/v2\/pages\/3245\/revisions"}],"predecessor-version":[{"id":3255,"href":"https:\/\/shorts.tv\/es\/wp-json\/wp\/v2\/pages\/3245\/revisions\/3255"}],"up":[{"embeddable":true,"href":"https:\/\/shorts.tv\/es\/wp-json\/wp\/v2\/pages\/13"}],"wp:attachment":[{"href":"https:\/\/shorts.tv\/es\/wp-json\/wp\/v2\/media?parent=3245"}],"curies":[{"name":"wp","href":"https:\/\/api.w.org\/{rel}","templated":true}]}}