{"id":3229,"date":"2022-12-22T09:44:13","date_gmt":"2022-12-22T09:44:13","guid":{"rendered":"https:\/\/shorts.tv\/es\/?page_id=3229"},"modified":"2022-12-22T09:44:14","modified_gmt":"2022-12-22T09:44:14","slug":"oscars-2023-lista-corta","status":"publish","type":"page","link":"https:\/\/shorts.tv\/es\/events\/oscars-2023-lista-corta","title":{"rendered":"La lista corta de nominados a los Oscar 2023"},"content":{"rendered":"\n<p>Se ha anunciado la lista corta de nominados a los Oscar para la 95\u00aa edici\u00f3n de los Premios de la Academia. Aqu\u00ed est\u00e1n los 45 cortometrajes que compiten por una nominaci\u00f3n al Oscar en 2023 en las categor\u00edas de animaci\u00f3n, documental y ficci\u00f3n:<\/p>\n\n\n\n<p><strong>Cortometrajes de Animaci\u00f3n:<\/strong><\/p>\n\n\n\n<ul><li>&#8216;Black Slide&#8217;<\/li><li>&#8216;The Boy, the Mole, the Fox and the Horse&#8217;<\/li><li>&#8216;The Debutante&#8217;<\/li><li>&#8216;The Flying Sailor&#8217;<\/li><li>&#8216;The Garbage Man&#8217;<\/li><li>&#8216;Ice Merchants&#8217;<\/li><li>&#8216;It\u2019s Nice in Here&#8217;<\/li><li>&#8216;More than I Want to Remember&#8217;<\/li><li>&#8216;My Year of Dicks&#8217;<\/li><li>&#8216;New Moon&#8217;<\/li><li>&#8216;An Ostrich Told Me the World Is Fake and I Think I Believe It&#8217;<\/li><li>&#8216;Passenger&#8217;<\/li><li>&#8216;Save Ralph&#8217;<\/li><li>&#8216;Sierra&#8217;<\/li><li>&#8216;Steakhouse&#8217;<\/li><\/ul>\n\n\n\n<p><strong>Cortometrajes Documentales<\/strong><\/p>\n\n\n\n<ul><li>&#8216;American Justice on Trial: People v. Newton&#8217;<\/li><li>&#8216;Anastasia&#8217;<\/li><li>&#8216;Angola Do You Hear Us? Voices from a Plantation Prison&#8217;<\/li><li>&#8216;As Far as They Can Run&#8217;<\/li><li>&#8216;The Elephant Whisperers&#8217;<\/li><li>&#8216;The Flagmakers&#8217;<\/li><li>&#8216;Happiness Is \u00a34 Million&#8217;<\/li><li>&#8216;Haulout&#8217;<\/li><li>&#8216;Holding Moses&#8217;<\/li><li>&#8216;How Do You Measure a Year?&#8217;<\/li><li>&#8216;The Martha Mitchell Effect&#8217;<\/li><li>&#8216;Nuisance Bear&#8217;<\/li><li>&#8216;Shut Up and Paint&#8217;<\/li><li>&#8216;Stranger at the Gate&#8217;<\/li><li>&#8217;38 at the Garden&#8217;<\/li><\/ul>\n\n\n\n<p><strong>Cortometrajes de ficci\u00f3n <\/strong><\/p>\n\n\n\n<ul><li>&#8216;All in Favor&#8217;<\/li><li>&#8216;Almost Home&#8217;<\/li><li>&#8216;An Irish Goodbye&#8217;<\/li><li>&#8216;Ivalu&#8217;<\/li><li>&#8216;Le Pupille&#8217;<\/li><li>The Lone Wolf&#8217;<\/li><li>&#8216;Nakam&#8217;<\/li><li>&#8216;Night Ride&#8217;<\/li><li>&#8216;Plastic Killer&#8217; &#8211; (Ganador de nuestro <a href=\"https:\/\/shorts.tv\/es\/events\/viva-cortos-film-festival-los-mejores-cortos-2022\">Festival de Cine \u00a1Viva Cortos!<\/a>)<\/li><li>&#8216;The Red Suitcase&#8217;<\/li><li>&#8216;The Right Words&#8217;<\/li><li>&#8216;Sideral&#8217;<\/li><li>&#8216;The Treatment&#8217;<\/li><li>&#8216;Tula&#8217; &#8211; (Ganador de nuestro <a href=\"https:\/\/shorts.tv\/es\/events\/viva-cortos-film-festival-los-mejores-cortos-2022\">Festival de Cine \u00a1Viva Cortos!<\/a>)<\/li><li>&#8216;Warsha&#8217;<\/li><\/ul>\n\n\n\n<p>TVCortos una vez m\u00e1s traer\u00e1 los cortometrajes nominados al Oscar a los cines y plataformas bajo demanda antes de la ceremonia de los Premios de la Academia del 12 de marzo. \u00a1S\u00edganos en las redes sociales (#OscarShorts) para obtener las \u00faltimas actualizaciones y visita nuestro <a href=\"https:\/\/shorts.tv\/theoscarshorts\">sitio web dedicado a los Oscar<\/a> para obtener m\u00e1s detalles en cuanto se anuncien las nominaciones!<\/p>\n","protected":false},"excerpt":{"rendered":"Se ha anunciado la lista corta de nominados a los Oscar para la 95\u00aa edici\u00f3n de los Premios de la Academia. Aqu\u00ed est\u00e1n los 45 cortometrajes que compiten por una nominaci\u00f3n al Oscar en 2023 en las categor\u00edas de animaci\u00f3n, documental y ficci\u00f3n: Cortometrajes de Animaci\u00f3n: &#8216;Black Slide&#8217; &#8216;The Boy, the Mole, the Fox and [&hellip;]","protected":false},"author":1,"featured_media":0,"parent":13,"menu_order":0,"comment_status":"closed","ping_status":"closed","template":"templates\/events_single.php","meta":[],"_links":{"self":[{"href":"https:\/\/shorts.tv\/es\/wp-json\/wp\/v2\/pages\/3229"}],"collection":[{"href":"https:\/\/shorts.tv\/es\/wp-json\/wp\/v2\/pages"}],"about":[{"href":"https:\/\/shorts.tv\/es\/wp-json\/wp\/v2\/types\/page"}],"author":[{"embeddable":true,"href":"https:\/\/shorts.tv\/es\/wp-json\/wp\/v2\/users\/1"}],"replies":[{"embeddable":true,"href":"https:\/\/shorts.tv\/es\/wp-json\/wp\/v2\/comments?post=3229"}],"version-history":[{"count":2,"href":"https:\/\/shorts.tv\/es\/wp-json\/wp\/v2\/pages\/3229\/revisions"}],"predecessor-version":[{"id":3231,"href":"https:\/\/shorts.tv\/es\/wp-json\/wp\/v2\/pages\/3229\/revisions\/3231"}],"up":[{"embeddable":true,"href":"https:\/\/shorts.tv\/es\/wp-json\/wp\/v2\/pages\/13"}],"wp:attachment":[{"href":"https:\/\/shorts.tv\/es\/wp-json\/wp\/v2\/media?parent=3229"}],"curies":[{"name":"wp","href":"https:\/\/api.w.org\/{rel}","templated":true}]}}