{"id":3030,"date":"2022-11-07T10:49:00","date_gmt":"2022-11-07T10:49:00","guid":{"rendered":"https:\/\/shorts.tv\/es\/?page_id=3030"},"modified":"2023-02-03T13:41:56","modified_gmt":"2023-02-03T13:41:56","slug":"viva-cortos-film-festival-los-mejores-cortos-2022","status":"publish","type":"page","link":"https:\/\/shorts.tv\/es\/events\/viva-cortos-film-festival-los-mejores-cortos-2022","title":{"rendered":"\u00a1Viva Cortos! Festival de Cine 2022"},"content":{"rendered":"\n<p>El festival de cine \u00a1Viva Cortos! fue creado por TVCortos en 2022 para celebrar y promover los cortometrajes en espa\u00f1ol, ofrecerles una plataforma para llegar a audiencias internacionales y adem\u00e1s brindarles a los ganadores la oportunidad de calificar para un Oscar en los Premios de la Academia.<\/p>\n\n\n\n<p>El festival de cine exclusivo para televisi\u00f3n muestra cortometrajes cinematogr\u00e1ficos de Latinoam\u00e9rica y Espa\u00f1a y brinda a los cineastas ganadores la oportunidad de calificar para un Oscar en los Premios de la Academia.<\/p>\n\n\n\n<p>En 2022, se recibieron m\u00e1s de 2000 cortometrajes, de los cuales un panel de expertos de la industria eligi\u00f3 una selecci\u00f3n oficial de 25 cortos.<\/p>\n\n\n\n<p>Los cuatro t\u00edtulos clasificados al Oscar incluyen los cortos espa\u00f1oles &#8216;Tula&#8217; y &#8216;Plastic Killer&#8217;, el corto chileno &#8216;Estrellas del Desierto (Desert Lights)&#8217; y el cortometraje documental &#8216;La Historia De Todas Nosotras (The Story of all of us Women)&#8217;, una coproducci\u00f3n entre Espa\u00f1a y El Salvador. El cortometraje ya clasificado al Oscar &#8216;Loop&#8217; fue premiado como Mejor Cortometraje de Animaci\u00f3n por el jurado.<\/p>\n\n\n\n<p>\u201cNuestra misi\u00f3n en TVCortos es identificar al pr\u00f3ximo Cuar\u00f3n, al pr\u00f3ximo I\u00f1\u00e1rritu y al pr\u00f3ximo Del Toro y brindarles una plataforma global incomparable en espa\u00f1ol\u201d, dijo Carter Pilcher, director ejecutivo de TVCortos. \u201cEl talento espa\u00f1ol y latino est\u00e1 cambiando el mundo del cine y estamos encantados de darles a algunos de ellos la oportunidad de ser considerados por la Academia\u201d, continu\u00f3 Pilcher.<\/p>\n\n\n\n<p>\u201cAl cubrir temas m\u00e1s relevantes que nunca, incluidos los derechos de las mujeres, el cambio clim\u00e1tico y temas atemporales como el poder perdurable del amor, nuestras audiencias quedar\u00e1n impresionadas por el impacto de su narraci\u00f3n\u201d, agreg\u00f3 Jade Tan, directora de programaci\u00f3n de TVCortos.<\/p>\n\n\n\n<p>\u201cYa sea en el canal premium de TVCortos en Am\u00e9rica Latina o en el canal CORTOS en Espa\u00f1a y EE. UU., los amantes del cine en nuestros mercados tienen un destino al que acudir para ver los mejores cortometrajes del mundo\u201d, concluy\u00f3 Ian Carrasco, vicepresidente de distribuci\u00f3n de EMEA y LATAM. en TVCortos.<\/p>\n\n\n\n<p>***<\/p>\n\n\n\n<p>La selecci\u00f3n oficial de \u00a1Viva Cortos! se emitir\u00e1 en TVCortos todas las noches a las 22:00 horas desde el lunes 7 de noviembre de 2022 hasta la noche de los ganadores el viernes 11 de noviembre de 2022.<\/p>\n\n\n\n<p>Una selecci\u00f3n de lo m\u00e1s destacado del festival tambi\u00e9n se mostrar\u00e1 en CORTOS durante &#8216;Historias Latinas&#8217;, todos los domingos a las 20:00 horas del 13 al 27 de noviembre de 2022.<\/p>\n\n\n\n<p>***<\/p>\n\n\n\n<p><strong>Los ganadores de los premios de \u00a1Viva Cortos! Film Festival son:<\/strong><\/p>\n\n\n\n<p><strong>Mejor cortometraje de ficci\u00f3n conjunto y estado de calificaci\u00f3n para el Oscar: Tula (Dir: Bea de Silva, 12 min)<\/strong> &#8211; Tula es la se\u00f1ora de la limpieza en una escuela privada para ni\u00f1as. Durante su jornada laboral, se encuentra con la hija de catorce a\u00f1os del director en el ba\u00f1o. La chica le va a contar a Tula su secreto, pero \u00bfUsar\u00e1 Tula sus propias experiencias para ayudar a la despistada chica? Una mirada humor\u00edstica a lo que es ser una mujer joven en el siglo XXI, donde las conversaciones honestas sobre el sexo pueden ser limitadas.<\/p>\n\n\n\n<p><strong>Mejor cortometraje de ficci\u00f3n conjunto y clasificaci\u00f3n al Oscar: Plastic Killer (Dir: Jose Pozo, 20 min)<\/strong> &#8211; Amparo vive en una vieja mercer\u00eda abandonada en el centro de Madrid con la \u00fanica compa\u00f1\u00eda de Carmela, una bolsa de pl\u00e1stico a la que considera su hija. Una peculiar mezcla de comedia negra, drama y thriller que supone una original y llamativa aproximaci\u00f3n a un concepto de gran actualidad: la alarmante necesidad de reducir el consumo y la fabricaci\u00f3n de pl\u00e1stico.<\/p>\n\n\n\n<p><strong>Mejor Cortometraje Documental y clasificaci\u00f3n al Oscar: La Historia de Todas Nosotras (Dir: Itxaso Diaz, 19 min)<\/strong> &#8211; El documental \u201cLa historia de todas nosotras\u201d recoge la historia de tres mujeres salvadore\u00f1as quienes vieron vulnerados sus derechos fundamentales al ser acusadas de un delito de aborto y finalmente, encarceladas por homicidio calificado, cuando en partos extrahospitalarios perdieron a sus beb\u00e9s. En 1998, El Salvador reform\u00f3 el C\u00f3digo Penal para penalizar el aborto con penas de prisi\u00f3n de 2 a 8 a\u00f1os. Sin embargo, en los presuntos casos de interrupciones voluntarias del embarazo, las mujeres son condenadas por homicidio agravado, con penas de entre 30 y 40 a\u00f1os de prisi\u00f3n. Esta es la historia de Elsi, Cinthia y Mariana. Pero podr\u00eda ser la de muchos otros y la nuestra.<\/p>\n\n\n\n<p><strong>Galardon a ser calificaci\u00f3n al Oscar: Desert Lights (Dir: Katherina Harder Sacre, 19 min)<\/strong> &#8211; En medio del desierto de Atacama, Antay (12) ve desaparecer su pueblo por la sequ\u00eda y el abandono. Junto a sus amigos Inti (12) y Ayel\u00e9n (11) y el equipo de f\u00fatbol que han formado, intentar\u00e1n aferrarse a los \u00faltimos rayos de sol, a sus retazos de infancia y a los lazos con los que a\u00fan resisten.<\/p>\n\n\n\n<p><strong>Mejor Cortometraje de animaci\u00f3n: Loop (Dir: Pablo Pollederi, 8 min)<\/strong> \u2013 Ambientada en un mundo donde cada ser humano est\u00e1 atrapado en un bucle sin fin de la vida cotidiana, una mujer tiene la oportunidad de romper con la monoton\u00eda cuando espont\u00e1neamente recoge un autoestopista \u00bfPodr\u00e1n los dos escapar de las garras de la siniestra fuerza policial encargada de mantener el orden? Animaci\u00f3n edificante con una banda sonora impactante.<\/p>\n","protected":false},"excerpt":{"rendered":"El festival de cine \u00a1Viva Cortos! fue creado por TVCortos en 2022 para celebrar y promover los cortometrajes en espa\u00f1ol, ofrecerles una plataforma para llegar a audiencias internacionales y adem\u00e1s brindarles a los ganadores la oportunidad de calificar para un Oscar en los Premios de la Academia. El festival de cine exclusivo para televisi\u00f3n muestra [&hellip;]","protected":false},"author":1,"featured_media":0,"parent":13,"menu_order":0,"comment_status":"closed","ping_status":"closed","template":"templates\/events_single.php","meta":[],"_links":{"self":[{"href":"https:\/\/shorts.tv\/es\/wp-json\/wp\/v2\/pages\/3030"}],"collection":[{"href":"https:\/\/shorts.tv\/es\/wp-json\/wp\/v2\/pages"}],"about":[{"href":"https:\/\/shorts.tv\/es\/wp-json\/wp\/v2\/types\/page"}],"author":[{"embeddable":true,"href":"https:\/\/shorts.tv\/es\/wp-json\/wp\/v2\/users\/1"}],"replies":[{"embeddable":true,"href":"https:\/\/shorts.tv\/es\/wp-json\/wp\/v2\/comments?post=3030"}],"version-history":[{"count":5,"href":"https:\/\/shorts.tv\/es\/wp-json\/wp\/v2\/pages\/3030\/revisions"}],"predecessor-version":[{"id":3251,"href":"https:\/\/shorts.tv\/es\/wp-json\/wp\/v2\/pages\/3030\/revisions\/3251"}],"up":[{"embeddable":true,"href":"https:\/\/shorts.tv\/es\/wp-json\/wp\/v2\/pages\/13"}],"wp:attachment":[{"href":"https:\/\/shorts.tv\/es\/wp-json\/wp\/v2\/media?parent=3030"}],"curies":[{"name":"wp","href":"https:\/\/api.w.org\/{rel}","templated":true}]}}