{"id":2418,"date":"2020-12-01T14:10:00","date_gmt":"2020-12-01T14:10:00","guid":{"rendered":"https:\/\/shorts.tv\/es\/?page_id=2418"},"modified":"2022-07-05T15:51:02","modified_gmt":"2022-07-05T15:51:02","slug":"festival-de-lo-mejor-de-cortometrajes-de-america-latina","status":"publish","type":"page","link":"https:\/\/shorts.tv\/es\/events\/festival-de-lo-mejor-de-cortometrajes-de-america-latina","title":{"rendered":"Festival de lo mejor de cortometrajes de Am\u00e9rica Latina 2020"},"content":{"rendered":"<p>En 2020, TVCortos organiz\u00f3 el Festival de lo mejor de cortometrajes de Am\u00e9rica Latina (Best of Latin America Short Film Festival) para los mejores cortometrajes en espa\u00f1ol hechos por cineastas Latinos.<\/p>\n<p>Nuestro objetivo era aumentar el reconocimiento art\u00edstico de los cineastas latinos en la comunidad cinematogr\u00e1fica de Hollywood, adem\u00e1s de abrir las puertas a posibles acuerdos televisivos y otras oportunidades, incluyendo calificar para una nominaci\u00f3n de un Premio de la Academia (Academy Award).<\/p>\n<p>TVCortos otorg\u00f3 premios con un total de 2,500 d\u00f3lares a los tres cortometrajes seleccionados como lo mejor de cortometrajes de Am\u00e9rica Latina 2020 (Best of Latin America Short Film Festival 2020).<\/p>\n<p>Los tres cortometrajes seleccionados tambi\u00e9n recibieron una proyecci\u00f3n en Los \u00c1ngeles, California durante siete d\u00edas y obtuvieron un estatus como calificante para un Premio de la Academia (Academy Award).<\/p>\n<p>Cada cortometraje ingresado fue considerado para un contrato de transmisi\u00f3n televisiva en TVCortos (Los cineastas no ten\u00edan que aceptar esta oportunidad).<\/p>\n<p>Los cortometrajes ganadores fueron:<\/p>\n<ul>\n<li>&#8220;Por el Brillo de tus Ojos&#8221; de Francisco Sortino<\/li>\n<li>&#8220;Zapatillas&#8221; de M\u00f3nica Juanita Hern\u00e1ndez<\/li>\n<li>&#8220;La Vendedora de Liros&#8221; de Igor Galuk<\/li>\n<\/ul>\n","protected":false},"excerpt":{"rendered":"En 2020, TVCortos organiz\u00f3 el Festival de lo mejor de cortometrajes de Am\u00e9rica Latina (Best of Latin America Short Film Festival) para los mejores cortometrajes en espa\u00f1ol hechos por cineastas Latinos. Nuestro objetivo era aumentar el reconocimiento art\u00edstico de los cineastas latinos en la comunidad cinematogr\u00e1fica de Hollywood, adem\u00e1s de abrir las puertas a posibles [&hellip;]","protected":false},"author":1,"featured_media":0,"parent":13,"menu_order":0,"comment_status":"closed","ping_status":"closed","template":"templates\/events_single.php","meta":[],"_links":{"self":[{"href":"https:\/\/shorts.tv\/es\/wp-json\/wp\/v2\/pages\/2418"}],"collection":[{"href":"https:\/\/shorts.tv\/es\/wp-json\/wp\/v2\/pages"}],"about":[{"href":"https:\/\/shorts.tv\/es\/wp-json\/wp\/v2\/types\/page"}],"author":[{"embeddable":true,"href":"https:\/\/shorts.tv\/es\/wp-json\/wp\/v2\/users\/1"}],"replies":[{"embeddable":true,"href":"https:\/\/shorts.tv\/es\/wp-json\/wp\/v2\/comments?post=2418"}],"version-history":[{"count":5,"href":"https:\/\/shorts.tv\/es\/wp-json\/wp\/v2\/pages\/2418\/revisions"}],"predecessor-version":[{"id":3121,"href":"https:\/\/shorts.tv\/es\/wp-json\/wp\/v2\/pages\/2418\/revisions\/3121"}],"up":[{"embeddable":true,"href":"https:\/\/shorts.tv\/es\/wp-json\/wp\/v2\/pages\/13"}],"wp:attachment":[{"href":"https:\/\/shorts.tv\/es\/wp-json\/wp\/v2\/media?parent=2418"}],"curies":[{"name":"wp","href":"https:\/\/api.w.org\/{rel}","templated":true}]}}