{"id":2002,"date":"2018-05-24T16:13:58","date_gmt":"2018-05-24T16:13:58","guid":{"rendered":"https:\/\/shorts.tv\/es\/?page_id=2002"},"modified":"2018-09-27T12:17:16","modified_gmt":"2018-09-27T12:17:16","slug":"cookie-policy","status":"publish","type":"page","link":"https:\/\/shorts.tv\/es\/cookie-policy","title":{"rendered":"Pol\u00edtica De Cookies"},"content":{"rendered":"<p>La presente pol\u00edtica sobre cookies proporciona informaci\u00f3n sobre las cookies que Shorts International Limited (\u201cNosotros\u201d) utiliza en su sitio web y los fundamentos para hacerlo. A fin de conocer las pol\u00edticas de privacidad que rigen para los usuarios de este sitio web,\u00a0le pedimos que lea nuestra Pol\u00edtica de privacidad.<\/p>\n<p><strong>Al utilizar nuestro sitio web, usted acepta nuestro uso de las cookies y otras tecnolog\u00edas similares como se describe en la presente Pol\u00edtica de cookies.<\/strong><\/p>\n<p><strong>\u00bfQu\u00e9 es una cookie?<\/strong><\/p>\n<p>Una cookie es un peque\u00f1o archivo de letras y n\u00fameros que almacenamos en su navegador o en el disco duro de su computadora o de su dispositivo. A menos que usted configure su navegador para que rechace las cookies, nuestro sistema las enviar\u00e1 desde el momento en que usted visite nuestro sitio.<\/p>\n<p>Las cookies son sumamente \u00fatiles y cumplen diferentes funciones que ayudan a brindarle la mejor experiencia posible en los sitios web. Por ejemplo, le permiten desplazarse entre diferentes p\u00e1ginas web de forma eficiente y recuerdan sus preferencias para mejorar su experiencia general.<\/p>\n<p><strong>Conceptos clave<\/strong><\/p>\n<p><strong>Cookies propias y de terceros<\/strong>: que una cookie sea \u201cpropia\u201d o de \u201cterceros\u201d lo define el dominio que utiliza la cookie. Las cookies propias son las que un sitio web env\u00eda cuando el usuario lo visita en el momento (por ej., las que enviamos nosotros).<\/p>\n<p><strong>Las cookies de terceros<\/strong>\u00a0son las que env\u00eda un dominio diferente del que le corresponde al sitio web que visita el usuario. Cuando un usuario visita un sitio web y otra entidad coloca una cookie a trav\u00e9s de esa p\u00e1gina, se trata de una cookie de terceros. Nosotros no controlamos esas cookies.<\/p>\n<p><strong>Cookies persistentes<\/strong>: son las que permanecen en el dispositivo del usuario durante el tiempo especificado en su estructura. Se activan cada vez que el usuario visita el sitio web que las creo de forma espec\u00edfica.<\/p>\n<p><strong>Cookies de sesi\u00f3n<\/strong>: son las que les permiten a los operadores de un sitio web vincular las acciones del usuario durante una sesi\u00f3n web. Una sesi\u00f3n web comienza cuando el usuario abre la ventana del navegador y finaliza cuando la cierra. Este tipo de cookies se crean de forma temporal. Luego de cerrar el navegador, se borran.<\/p>\n<p><strong>Cookies que utilizamos y por qu\u00e9<\/strong><\/p>\n<p>Cuando usted accede a nuestro sitio web, puede que se env\u00edan las siguientes cookies:<\/p>\n<p><strong>1. Cookies \u201cabsolutamente necesarias\u201d<\/strong><\/p>\n<p>Estas cookies son fundamentales para que usted pueda navegar por el sitio web y utilizar sus funciones, por ejemplo, acceder a secciones seguras del sitio, como los videos en Venta de contenido. Sin ellas, no se puede garantizar el acceso, por ejemplo, a contenido seguro. Su mec\u00e1nica no consiste en recopilar informaci\u00f3n personal para fines promocionales ni recordar su \u00faltima visita a Internet.<\/p>\n<p>Utilizamos:<\/p>\n<p><strong>Nombre de la cookie<\/strong><\/p>\n<p>Cookie de \u201cVenta de contenido\u201d<\/p>\n<p><strong>Finalidad<\/strong><\/p>\n<p>Establecer si el usuario tiene acceso al contenido seguro de la secci\u00f3n Venta de contenido del sitio web<\/p>\n<p><strong>Tipo<\/strong><\/p>\n<p>Cookie propia y persistente<\/p>\n<p><strong>Duraci\u00f3n de la cookie<\/strong><\/p>\n<p>7 d\u00edas<\/p>\n<p>Nosotros no controlamos el uso de estas cookies y no podemos acceder a ellas; solo puede hacerlo quien la haya originado. Verifique los sitios web de terceros para obtener m\u00e1s informaci\u00f3n sobre estas cookies.Contenido incrustado: en ciertas p\u00e1ginas de nuestro sitio web, es posible que incluyamos contenido incrustado, por ejemplo, contenido que est\u00e1 alojado en Vimeo. Al visitar una p\u00e1gina con contenido incrustado, puede que el proveedor de servicios (por ejemplo, Vimeo) establezca sus propias cookies en su navegador web para permitir la reproducci\u00f3n del contenido, saber si su aplicaci\u00f3n fue exitosa o ajustar su aplicaci\u00f3n o reproductor de video a sus preferencias.<\/p>\n<p>Cookies b\u00e1sicas de terceros en nuestro sitio:<\/p>\n<p><strong>Nombre de la cookie<\/strong><\/p>\n<p>JSESSIONID; __qca; __utma; __utmz; _ga<\/p>\n<p>Player; vuid<\/p>\n<p>(son todas cookies de Vimeo)<\/p>\n<p><strong>Finalidad<\/strong><\/p>\n<p>Permitir que los usuarios miren contenido en el reproductor Vimeo<\/p>\n<p><strong>Tipo<\/strong><\/p>\n<p>Cookies de terceros y de sesi\u00f3n<\/p>\n<p><strong>M\u00e1s informaci\u00f3n<\/strong><\/p>\n<p>Pol\u00edtica de cookies de Vimeo:<\/p>\n<p><a href=\"https:\/\/vimeo.com\/cookie_policy?vcid=32179\">https:\/\/vimeo.com\/cookie_policy?vcid=32179<\/a><\/p>\n<p><strong>2. Cookies funcionales<\/strong><br \/>\nSon cookies que permiten que los sitios web recuerden sus preferencias:<\/p>\n<p>Utilizamos:<\/p>\n<p><strong>Nombre de la cookie<\/strong><\/p>\n<p>Cookie \u201cuser_region\u201d<\/p>\n<p><strong>Finalidad<\/strong><\/p>\n<p>Establecer qu\u00e9 contenido del sitio mostrar seg\u00fan la ubicaci\u00f3n del usuario.<\/p>\n<p><strong>Tipo<\/strong><\/p>\n<p>Cookie propia y persistente<\/p>\n<p><strong>Duraci\u00f3n de la cookie<\/strong><\/p>\n<p>7 d\u00edas<\/p>\n<p><strong>Nombre de la cookie<\/strong><\/p>\n<p>Cookie \u201ccookie_prompt\u201d<\/p>\n<p><strong>Finalidad<\/strong><\/p>\n<p>Establecer si mostrarle o no al usuario el mensaje de cookies.<\/p>\n<p><strong>Tipo<\/strong><\/p>\n<p>Cookies propias y persistentes<\/p>\n<p><strong>Duraci\u00f3n de la cookie<\/strong><\/p>\n<p>31 d\u00edas<\/p>\n<p>Si bien las cookies no recopilan informaci\u00f3n personal, como nombres o direcciones de correo electr\u00f3nico, s\u00ed guardan un c\u00f3digo \u00fanico de identificaci\u00f3n de usuario. Esto nos permite identificar su dispositivo para mejorar su experiencia y asegurarnos de recordar sus preferencias para futuras visitas.<\/p>\n<p><strong>3. Cookies anal\u00edticas<\/strong><br \/>\nPara mantener nuestro sitio web competente, f\u00e1cil de usar y actualizado, utilizamos servicios de anal\u00edtica web para poder entender qu\u00e9 uso le dan nuestros usuarios. Por ejemplo, podemos ver qu\u00e9 secciones de nuestro sitio web son las m\u00e1s populares, identificar qu\u00e9 programas se ven en l\u00ednea y cu\u00e1ndo se producen errores, y probar diferentes versiones de una p\u00e1gina o funci\u00f3n para decidir cu\u00e1l funciona mejor. Los servicios de anal\u00edtica web utilizan cookies para reconocer su navegador y dispositivo y, por ejemplo, identificar si usted nos visit\u00f3 anteriormente o el contenido al que accedi\u00f3 o clique\u00f3. De este modo, podemos rastrear cierta informaci\u00f3n, como cu\u00e1ntos usuarios individuales tenemos y con qu\u00e9 frecuencia nos visitan. Asimismo, nos permite analizar patrones de actividad de los usuarios para mejorar su experiencia.<\/p>\n<p>Como ya mencionamos, este tipo de cookies no lo identifican de forma directa, ya que no recopilan informaci\u00f3n personal, como su nombre o direcci\u00f3n de correo electr\u00f3nico. No obstante, la informaci\u00f3n que recolectan estas cookies se vincula a un c\u00f3digo \u00fanico de identificaci\u00f3n de usuario. Se trata de una secuencia leatoria de letras y n\u00fameros que podemos utilizar para vincular la informaci\u00f3n que recopilan las cookies con su persona, pero sin necesidad de su nombre o direcci\u00f3n de correo electr\u00f3nico. Al analizar esa informaci\u00f3n, podemos saber mejor qu\u00e9 contenido prefiere ver y sus intereses y, seg\u00fan el caso, ajustar m\u00e1s nuestras promociones y publicidad a su gusto.<\/p>\n<p>Utilizamos:<\/p>\n<p><strong>Nombre de la cookie<\/strong><\/p>\n<p>Cookie \u201c_gid\u201d de Google Analytics<\/p>\n<p><strong>Finalidad<\/strong><\/p>\n<p>Distinguir usuarios. En t\u00e9rminos generales, ayudar a los propietarios de sitios web a medir c\u00f3mo los usuarios interact\u00faan con su contenido.<\/p>\n<p><strong>Tipo<\/strong><\/p>\n<p>Cookies de terceros y persistentes<\/p>\n<p><strong>Duraci\u00f3n de la cookie<\/strong><\/p>\n<p>24 horas<\/p>\n<p><strong>Nombre de la cookie<\/strong><\/p>\n<p>Cookie \u201cga\u201d de Google Analytics<\/p>\n<p><strong>Finalidad<\/strong><\/p>\n<p>Distinguir usuarios. En t\u00e9rminos generales, ayudar a los propietarios de sitios web a medir c\u00f3mo los usuarios interact\u00faan con su contenido.<\/p>\n<p><strong>Tipo<\/strong><\/p>\n<p>Cookies de terceros y persistentes<\/p>\n<p><strong>Duraci\u00f3n de la cookie<\/strong><\/p>\n<p>2 a\u00f1os<\/p>\n<p><strong>Nombre de la cookie<\/strong><\/p>\n<p>Cookie \u201cgat\u201d de Google Analytics<\/p>\n<p><strong>Finalidad<\/strong><\/p>\n<p>Regular la velocidad de solicitudes<\/p>\n<p><strong>Tipo<\/strong><\/p>\n<p>Cookies de terceros y de sesi\u00f3n<\/p>\n<p><strong>Duraci\u00f3n de la cookie<\/strong><\/p>\n<p>1 minuto<\/p>\n<p>Seguimiento en redes sociales: tambi\u00e9n utilizamos una herramienta llamada Facebook Pixel (un peque\u00f1o c\u00f3digo en nuestro sitio web que les permite a los operadores optimizar y crear p\u00fablicos para sus campa\u00f1as publicitarias), cuya funci\u00f3n consiste en enviarle a usted avisos dentro de Facebook si usted es usuario de esa red social y ha visitado nuestro sitio. Nosotros no controlamos el c\u00f3digo, pero usted, como usuario de Facebook, puede configurar sus preferencias de publicidad mediante los ajustes de su cuenta y, por ejemplo, elegir que no quiere que se muestren avisos publicitarios basados en su navegaci\u00f3n web.<\/p>\n<p>Cada tanto, tambi\u00e9n mostramos avisos en nuestro sitio web y, para ayudarnos, utilizamos cookies DoubleClick. Encontrar\u00e1 m\u00e1s detalles al respecto en esta direcci\u00f3n:<\/p>\n<p><a href=\"https:\/\/support.google.com\/dfp_premium\/answer\/2839090?hl=en\">https:\/\/support.google.com\/dfp_premium\/answer\/2839090?hl=en<\/a><\/p>\n<p><strong>C\u00f3mo eliminar y bloquear nuestras cookies<\/strong><\/p>\n<p>Para bloquear cookies, usted debe activar el ajuste que le permita rechazar todas o ciertas cookies en su navegador web. Este ajuste, por lo general, se encuentra en el men\u00fa de \u201copciones\u201d o \u201cpreferencias\u201d de su navegador web. No obstante, si utiliza los ajustes de su navegador para bloquear todas las cookies (incluidas las b\u00e1sicas), no podr\u00e1 acceder a ciertas partes o la totalidad del sitio y visualizar su contenido. A menos que usted configure su navegador para que rechace las cookies, nuestro sistema las enviar\u00e1 desde el momento en que usted visite nuestro sitio.<\/p>\n<p><strong>\u00bfPuedo retirar mi consentimiento?<\/strong><\/p>\n<p>Si, en alg\u00fan momento, desea retirar su consentimiento, deber\u00e1 eliminar las cookies mediante los ajustes de su navegador web.<\/p>\n<p>Para saber m\u00e1s sobre c\u00f3mo eliminar o bloquear cookies, ingrese en:<\/p>\n<p><a href=\"http:\/\/www.aboutcookies.org\">http:\/\/www.aboutcookies.org<\/a><\/p>\n<p>Para controlar sus preferencias de publicidad en l\u00ednea, visite:<\/p>\n<p><a href=\"http:\/\/www.youronlinechoices.com\/uk\/your-ad-choices\">http:\/\/www.youronlinechoices.com\/uk\/your-ad-choices<\/a><\/p>\n<p>Puede controlar sus preferencias de publicidad en Google desde:<\/p>\n<p><a href=\"https:\/\/adssettings.google.com\">https:\/\/adssettings.google.com<\/a><\/p>\n<p>Como ya explicamos, con respecto a Facebook Pixel, usted puede controlar el tipo de anuncios publicitarios que ve en Facebook desde los ajustes de su cuenta.<\/p>\n<p>Para desvincularse de Google Analytics, Google posee una funci\u00f3n que es compatible con ciertos navegadores. Ingrese en esta direcci\u00f3n para m\u00e1s detalles:<\/p>\n<p><a href=\"https:\/\/tools.google.com\/dlpage\/gaoptout\">https:\/\/tools.google.com\/dlpage\/gaoptout<\/a><\/p>\n<p><strong>M\u00c1S INFORMACI\u00d3N<\/strong><\/p>\n<p>Si desea que le enviemos m\u00e1s informaci\u00f3n sobre c\u00f3mo utilizamos las cookies, escr\u00edbanos a\u00a0<a href=\"mailto:info@shorts.tv\">info@shorts.tv.<\/a><\/p>\n<p>Actualizado el 24 de mayo de 2018<\/p>\n","protected":false},"excerpt":{"rendered":"La presente pol\u00edtica sobre cookies proporciona informaci\u00f3n sobre las cookies que Shorts International Limited (\u201cNosotros\u201d) utiliza en su sitio web y los fundamentos para hacerlo. A fin de conocer las pol\u00edticas de privacidad que rigen para los usuarios de este sitio web,\u00a0le pedimos que lea nuestra Pol\u00edtica de privacidad. Al utilizar nuestro sitio web, usted [&hellip;]","protected":false},"author":1,"featured_media":0,"parent":0,"menu_order":230,"comment_status":"closed","ping_status":"closed","template":"templates\/cookie_policy.php","meta":[],"_links":{"self":[{"href":"https:\/\/shorts.tv\/es\/wp-json\/wp\/v2\/pages\/2002"}],"collection":[{"href":"https:\/\/shorts.tv\/es\/wp-json\/wp\/v2\/pages"}],"about":[{"href":"https:\/\/shorts.tv\/es\/wp-json\/wp\/v2\/types\/page"}],"author":[{"embeddable":true,"href":"https:\/\/shorts.tv\/es\/wp-json\/wp\/v2\/users\/1"}],"replies":[{"embeddable":true,"href":"https:\/\/shorts.tv\/es\/wp-json\/wp\/v2\/comments?post=2002"}],"version-history":[{"count":6,"href":"https:\/\/shorts.tv\/es\/wp-json\/wp\/v2\/pages\/2002\/revisions"}],"predecessor-version":[{"id":2414,"href":"https:\/\/shorts.tv\/es\/wp-json\/wp\/v2\/pages\/2002\/revisions\/2414"}],"wp:attachment":[{"href":"https:\/\/shorts.tv\/es\/wp-json\/wp\/v2\/media?parent=2002"}],"curies":[{"name":"wp","href":"https:\/\/api.w.org\/{rel}","templated":true}]}}