{"id":1478,"date":"2017-03-01T15:46:50","date_gmt":"2017-03-01T15:46:50","guid":{"rendered":"https:\/\/shorts.tv\/es\/?page_id=1478"},"modified":"2019-06-19T13:50:53","modified_gmt":"2019-06-19T13:50:53","slug":"terms-and-conditions","status":"publish","type":"page","link":"https:\/\/shorts.tv\/es\/terms-and-conditions","title":{"rendered":"T\u00e9rminos Y Condiciones Del Sitio Web"},"content":{"rendered":"<p>1 &#8211; QUI\u00c9NES SOMOS<br \/>\nEl sitio web de ShortsTV (el \u201cSitio\u201d) es propiedad de Shorts International Limited (\u201cSIL\u201d), 64 Great Eastern Street, Londres EC2A 3QR, n\u00famero de sociedad 03962510. Puede contactarnos por correo electr\u00f3nico a\u00a0<a href=\"mailto:info@shorts.tv\">info@shorts.tv<\/a>\u00a0o llamando al + 44(0)207 613 5400.<\/p>\n<p>2 &#8211; DEFINICIONES<\/p>\n<ul>\n<li>\u201cContenido\u201d se define como cualquier tipo de texto, imagen, video, audio u otro contenido multimedia, software u otra informaci\u00f3n o material que se env\u00eden al Sitio o se publiquen en \u00e9l.<\/li>\n<li>\u201cConducta del usuario\u201d hace referencia a las normas que se establecen en las cl\u00e1usulas 6.1, 6.2 y 6.3 de los presentes T\u00e9rminos.<\/li>\n<\/ul>\n<p>\u201cUsted\u201d, \u201cSu\u201d, \u201cUsted mismo\u201d se refieren a usted, el usuario final del Sitio.<\/p>\n<p>3 &#8211; T\u00c9RMINOS DE USO<\/p>\n<ul>\n<li>El Sitio est\u00e1 sujeto tanto a los siguientes t\u00e9rminos y condiciones como a nuestra Pol\u00edtica de privacidad y otras condiciones de concursos o sorteos que se apliquen cada cierto tiempo, que se incluyen en los t\u00e9rminos del presente a modo de referencia (de forma conjunta, los \u201cT\u00e9rminos\u201d).<\/li>\n<li>Los presentes T\u00e9rminos tambi\u00e9n rigen si usted accede al contenido de ShortsTV desde un sitio web o servicios de terceros, como sitios de redes sociales. Es posible que los sitios web de terceros tengan sus propios t\u00e9rminos, por lo que le recomendamos leerlos. No nos responsabilizamos de ning\u00fan inconveniente que usted sufra al visitar sitios web de terceros o utilizar sus servicios.<\/li>\n<li>Tenga en cuenta que ciertos servicios digitales de ShortsTV (por ejemplo, la aplicaci\u00f3n de ShortsTV) est\u00e1n supeditados a diferentes t\u00e9rminos de uso; si es as\u00ed, deber\u00e1 leer y aceptar los t\u00e9rminos del servicio que corresponda.<\/li>\n<li>Los presentes t\u00e9rminos se aplican independientemente del tipo de dispositivo que usted utilice para acceder al Sitio.<\/li>\n<\/ul>\n<p>Al acceder al Sitio, usted acepta sus T\u00e9rminos, que podemos modificar cada cierto tiempo. Si usted no est\u00e1 de acuerdo con nuestros T\u00e9rminos, le recomendamos que deje de utilizar el Sitio de inmediato.<\/p>\n<p>4 &#8211; USO DEL SITIO<\/p>\n<ul>\n<li>Al acceder a cualquiera de las secciones del Sitio, usted acepta que solo lo utilizar\u00e1:\n<ul>\n<li>para recreaci\u00f3n personal, sin fines comerciales;<\/li>\n<li>con fines l\u00edcitos; y<\/li>\n<li>de un modo que no viole derechos (por ejemplo, derechos de autor) de terceros ni limite o inhiba el uso o el disfrute del Sitio por parte de terceros.<\/li>\n<\/ul>\n<\/li>\n<li>Sin perjuicio de la secci\u00f3n a continuaci\u00f3n, usted debe ser mayor de 16 a\u00f1os para utilizar el Sitio.<\/li>\n<li>Si es menor de 16 a\u00f1os:\n<ul>\n<li>deber\u00e1 acceder al Sitio con el permiso de sus padres o tutor legal; y<\/li>\n<li>deber\u00e1 leer los presentes T\u00e9rminos con sus padres o tutor legal para asegurarse de que tanto usted como ellos entiendan y aceptan los T\u00e9rminos; y<\/li>\n<li>sus padres o tutor legal deber\u00e1n aceptar los presentes T\u00e9rminos para que usted pueda acceder al Sitio.<\/li>\n<\/ul>\n<\/li>\n<li>Le recordamos que el Sitio est\u00e1 orientado a diferentes tipos de p\u00fablico y edades, por lo que cierto Contenido puede no ser apto para ni\u00f1os. Les recordamos a los padres y tutores legales que es su responsabilidad supervisar a los ni\u00f1os y determinar qu\u00e9 secciones y contenido espec\u00edficos son aptos para ellos.<\/li>\n<\/ul>\n<p>No garantizamos que nuestro Sitio, o cualquier contenido que este incluya, est\u00e9 siempre disponible o brinde un servicio ininterrumpido. En ciertos casos, es posible que suspendamos, retiremos o limitemos parte o la totalidad del Sitio por motivos comerciales y operativos.<\/p>\n<p>5 &#8211; DERECHOS DE PROPIEDAD, USO Y PROPIEDAD INTELECTUAL<\/p>\n<ul>\n<li>Este Sitio y todos los derechos de propiedad intelectual en \u00e9l incluido, sin car\u00e1cter limitativo, cualquier tipo de Contenido son propiedad de SIL, los encargados de otorgar sus licencias o ambos (seg\u00fan corresponda). Los derechos de propiedad intelectual incluyen derechos tales como: derechos de autor, marcas comerciales, nombres de dominio, derechos de dise\u00f1o, derechos de bases de datos, patentes y cualquier otro derecho de propiedad intelectual, est\u00e9 registrado o no (en cualquier parte del mundo). SILy los encargados de otorgar sus licencias se reservan sus respectivos derechos de propiedad intelectual en relaci\u00f3n con los presentes T\u00e9rminos. Esto significa, por ejemplo, que SILy los encargados de otorgar sus licencias son propietarios exclusivos y libres de aplicarlos cuando lo consideren pertinente.<\/li>\n<li>Ninguna de las cl\u00e1usulas de los presentes T\u00e9rminos le concede a usted m\u00e1s derechos legales sobre el Sitio que los necesarios para permitir su acceso. Usted acepta que no intentar\u00e1 evadir ni eliminar ninguno de los avisos que se incluyen en el Sitio (incluidos avisos sobre propiedad intelectual) y, en especial, ninguno de los derechos digitales o sistemas de seguridad que contiene el Sitio o se incluyen en \u00e9l.<\/li>\n<\/ul>\n<p>Marcas comerciales: Shorts y ShortsTV son nuestras marcas comerciales. Puede que utilicemos otras marcas y nombres comerciales en el Sitio. Queda prohibido el uso de cualquier nombre comercial en el Sitio a menos que usted obtenga nuestra autorizaci\u00f3n previamente.<\/p>\n<p>6 &#8211; C\u00d3DIGO DE CONDUCTA DEL USUARIO<\/p>\n<ul>\n<li>Usted acepta que no utilizar\u00e1 el Sitio:\n<ul>\n<li>con fines il\u00edcitos;<\/li>\n<li>de formas que interrumpan, da\u00f1en o inhabiliten el Sitio, o afecten su funcionalidad o rendimiento de alguna forma;<\/li>\n<li>para realizar maniobras de ingenier\u00eda inversa, crear obras derivadas, descompilar, desmantelar, copiar, reproducir, comunicar o hacer p\u00fablico, volver a publicar, descargar, publicar, grabar, emitir, transmitir o utilizar de cualquier forma el Sitio (o alguna de sus secciones, incluidos, entre otros, su contenido o c\u00f3digo de software), salvo que nosotros lo autoricemos;<\/li>\n<li>de ninguna forma que da\u00f1e o altere la computadora de otro usuario;<\/li>\n<li>para transmitir, cargar o publicar virus inform\u00e1ticos, gusanos, bombas l\u00f3gicas o archivos o programas da\u00f1inos o perjudiciales; obtener acceso no autorizado al Sitio, al servidor en el que este est\u00e1 alojado o servidores, computadoras o bases de datos conectados a este. Usted no utilizar\u00e1 ataques de denegaci\u00f3n de servicio o ataques de denegaci\u00f3n de servicio distribuido (DDoS, seg\u00fan sus siglas en ingl\u00e9s) para desestabilizar el Sitio. El incumplimiento de esta cl\u00e1usula constituye un delito penal en virtud de la Ley sobre el uso indebido de computadores (Computer Misuse Act) de 1990 (Reino Unido). Denunciaremos cualquier delito de ese tipo ante las fuerzas del orden p\u00fablico y les revelaremos su identidad para cooperar con su investigaci\u00f3n. En caso de que usted cometa un delito de ese tipo, sus derechos de uso del Sitio quedar\u00e1n nulos de inmediato;<\/li>\n<li>para transmitir, cargar o publicar material de car\u00e1cter difamatorio, ofensivo, racista, vulgar, calumnioso, obsceno o amenazante, o que de alg\u00fan modo provoque enojo, incomodidad o ansiedad innecesarias;<\/li>\n<li>como medio para amenazar, acosar, hostigar, abusar o insultar a otros usuarios o recopilar o almacenar datos personales de ellos;<\/li>\n<li>de una forma que constituya una violaci\u00f3n o infracci\u00f3n de los derechos de cualquier persona, firma o empresa (incluidos, sin car\u00e1cter limitativo, los derechos de autor o confidencialidad);<\/li>\n<li>para transmitir material con fines publicitarios o promocionales sin nuestro consentimiento escrito previo, a menos que la transmisi\u00f3n la haya solicitado de forma espec\u00edfica otro usuario del Sitio;<\/li>\n<li>para crear una identidad falsa con el fin de enga\u00f1ar a terceros y distorsionar la identidad del remitente o el origen del mensaje, o hacerse pasar por un empleado, gerente, presentador u otro usuario de SIL; o<\/li>\n<li>para transmitir, cargar, publicar o hacer p\u00fablico material promocional o publicitario solicitado o no autorizado, \u201ccorreo basura\u201d, \u201ccorreo no deseado\u201d, \u201ccadenas de mensajes\u201d, \u201cestafas piramidales\u201d o mensajes duplicados o no solicitados.<\/li>\n<\/ul>\n<\/li>\n<li>No incluya, sin nuestro consentimiento, enlaces al Sitio ni exhiba su Contenido rodeado o enmarcado en material que no hayamos originado nosotros.<\/li>\n<li>Si lo invitamos a contribuir con el Sitio, usted acepta que no publicar\u00e1 ni transmitir\u00e1:\n<ul>\n<li>material difamatorio, amenazante, falso, enga\u00f1oso, discriminatorio, racista, da\u00f1ino, indecente, obsceno, pornogr\u00e1fico, que hostigue o sea ilegal (incluidas direcciones URL de sitios web de terceros que contengan ese material);<\/li>\n<li>material que pueda violar o infringir de alg\u00fan modo los derechos de terceros (incluidos los derechos de propiedad intelectual, de confidencialidad o de privacidad), perjudicar procesos legales activos que usted conozca, generar malestar o incomodidad, fomentar la violencia u odio racial o religioso, o apruebe o motive acciones ilegales de cualquier tipo;<\/li>\n<li>opiniones que sean vulgares, groseras, sexistas o racistas, o comentarios que sean ofensivos o que puedan causar da\u00f1os o malestar en otras personas;<\/li>\n<li>enviar correo electr\u00f3nico no deseado, como publicidad de bienes o servicios, campa\u00f1as publicitarias, cadenas de mensajes, estafas piramidales, encuestas o peticiones;<\/li>\n<li>haci\u00e9ndose pasar por otras personas ni falsificando su identidad o estado;<\/li>\n<li>ninguna mec\u00e1nica para solicitar informaci\u00f3n personal, direcciones de correo electr\u00f3nico, informaci\u00f3n de contacto, contrase\u00f1as o, en t\u00e9rminos generales, informaci\u00f3n de identificaci\u00f3n personal a otros usuarios;<\/li>\n<li>material que hayamos eliminado anteriormente.<\/li>\n<\/ul>\n<\/li>\n<li>Si usted no respeta nuestro C\u00f3digo de conducta al utilizar el Sitio, nos reservamos el derecho de tomar las medidas que consideremos pertinentes, entre ellas:\n<ul>\n<li>la revocaci\u00f3n inmediata, temporal o permanente de su informaci\u00f3n o su derecho a utilizar el Sitio;<\/li>\n<li>enviarle una advertencia;<\/li>\n<li>iniciar acciones legales contra usted para que nos indemnice por los costos que deriven de su incumplimiento;<\/li>\n<li>iniciar otras acciones legales contra usted; y<\/li>\n<\/ul>\n<\/li>\n<\/ul>\n<p>revelar su informaci\u00f3n personal a las autoridades de orden p\u00fablico seg\u00fan lo consideremos necesario.<\/p>\n<p>7 &#8211; DESCARGO Y LIMITACI\u00d3N DE RESPONSABILIDAD<\/p>\n<ul>\n<li>Si bien realizamos nuestro m\u00e1ximo esfuerzo para garantizar que el Sitio sea preciso, se mantenga actualizado y no presente fallos, no podemos prometer que no haya errores. Tampoco podemos garantizar que el Sitio sea apto o sirva para un fin espec\u00edfico. Usted es responsable de confiar o no en la informaci\u00f3n del Sitio.Si bien tratamos de que el Sitio est\u00e9 disponible para su uso, no podemos garantizar que est\u00e9 activo en todo momento ni que usted lo pueda utilizar de forma ininterrumpida.Podemos llegar a suspender o desactivar el Sitio, en cualquier momento, si creemos que es necesario.<\/li>\n<li>Salvo que tengamos alg\u00fan tipo de obligaci\u00f3n legal ineludible (como en el caso de lesiones personales o muerte), no somos responsables en ninguna de las siguientes situaciones:\n<ul>\n<li>P\u00e9rdidas que:\n<ul>\n<li>usted o nosotros no hayamos previsto cuando se crearon los presentes T\u00e9rminos; o<\/li>\n<li>no sean producto de alg\u00fan tipo de incumplimiento de su parte;<\/li>\n<\/ul>\n<\/li>\n<li>sean de car\u00e1cter comercial; y<\/li>\n<\/ul>\n<\/li>\n<\/ul>\n<p>sufran personas que no son consumidores.<\/p>\n<p>8 &#8211; INDEMNIZACI\u00d3N<\/p>\n<p>Usted acepta, en la medida que lo permite la ley, indemnizar, proteger y no responsabilizar a SIL ni a sus asociados, directores, ejecutivos, accionistas, empleados, encargados de otorgar licencias, proveedores y agentes en casos de denuncias, cargos, reclamos, da\u00f1os, p\u00e9rdidas, pasivos y gastos (incluidos los honorarios de abogados) que deriven de o tengan alg\u00fan tipo de relaci\u00f3n con: (a) su acceso al Sitio o su uso; (b) el contenido que usted publica en el Sitio (si corresponde); (c) la violaci\u00f3n de los presentes T\u00e9rminos.<\/p>\n<p>9\u00a0&#8211; SORTEOS, CONCURSOS Y PROMOCIONES<\/p>\n<p>Cada cierto tiempo, es posible que realicemos sorteos o concursos, o lancemos promociones que requieran que usted nos env\u00ede material o informaci\u00f3n personal. Tenga en cuenta que los sorteos, los concursos o las promociones que publiquemos en el Sitio podr\u00e1n someterse, y por lo general es as\u00ed, a un conjunto de normas complementarias que, adem\u00e1s de describir los sorteos, concursos o promociones mencionados, pueden tener requisitos de elegibilidad, como una cierta edad o restricciones regionales, t\u00e9rminos y condiciones que controlen el uso del material que usted nos env\u00eda, e informaci\u00f3n adicional sobre c\u00f3mo podemos llegar a utilizar sus datos personales. Usted es responsable de leer esas normas para decidir si desea o no participar, registrarse o inscribirse, y que consideremos su elegibilidad para tales fines. Al participar en nuestros sorteos, concursos u otras promociones, usted acepta nuestras condiciones, que podr\u00e1n incluirse en los presentes T\u00e9rminos a modo de referencia, y que ser\u00e1n definitivas y vinculantes en todo sentido. En caso de discrepancias entre los t\u00e9rminos de cualquiera de esos eventos u otros t\u00e9rminos espec\u00edficos (de forma conjunta \u201c<em>T\u00e9rminos especiales<\/em>\u201d) con los presentes T\u00e9rminos, prevalecer\u00e1n los T\u00e9rminos especiales.<\/p>\n<p>10 &#8211; PRIVACIDAD DEL USUARIO<\/p>\n<p>Nuestra\u00a0Pol\u00edtica de privacidad\u00a0contempla el tratamiento de la informaci\u00f3n personal que podemos llegar a recopilar sobre usted mientras utiliza el Sitio, por ejemplo, si se registra para recibir nuestro bolet\u00edn informativo. Si tiene preguntas al respecto, env\u00edenos un correo electr\u00f3nico a\u00a0info@shorts.tv.<\/p>\n<p>11 &#8211; RECLAMOS<\/p>\n<p>Si desea realizar un reclamo sobre el Sitio o considera que se han violado sus derechos de propiedad intelectual u otros derechos en el Sitio u otro de los servicios de SIL, remita los detalles completos por correo electr\u00f3nico a\u00a0<a href=\"mailto:info@shorts.tv.\">info@shorts.tv.<\/a><\/p>\n<p>12 &#8211; SITIOS DE TERCEROS<\/p>\n<p>Adem\u00e1s de los propios, el Sitio puede llegar a incluir enlaces o referencias a sitios web de terceros. Estos se proporcionan solo para su comodidad. No controlamos los sitios web de terceros ni nos responsabilizamos legalmente por el contenido, el material o la informaci\u00f3n que estos contengan. La publicaci\u00f3n de enlaces y referencias a sitios web de terceros no significa que respaldemos su contenido, productos o servicios. Su uso de sitios web de terceros puede estar sujeto a sus respectivos t\u00e9rminos y condiciones.<\/p>\n<p>13 &#8211; CAMBIOS EN LOS T\u00c9RMINOS<\/p>\n<p>Nos reservamos el derecho de modificar los presentes T\u00e9rminos de forma peri\u00f3dica, y consideraremos que usted ha aceptado los cambios si utiliza el Sitio tras su implementaci\u00f3n. Usted es responsable de verificar los presentes T\u00e9rminos de forma peri\u00f3dica para saber si se modificaron. Si no acepta los cambios, le pedimos que deje de utilizar el Sitio de forma inmediata.<\/p>\n<p>14 &#8211; DIVISIBILIDAD<\/p>\n<p>Cada cl\u00e1usula de los presentes T\u00e9rminos deber\u00e1 interpretarse por separado y continuar\u00e1n teniendo plena vigencia incluso si una o m\u00e1s cl\u00e1usulas, por un motivo espec\u00edfico, se declaran inaplicables o no se pueden cumplir.<\/p>\n<p>15 &#8211; IRRENUNCIABILIDAD<\/p>\n<p>La renuncia de la empresa a un t\u00e9rmino no deber\u00e1 interpretarse como una renuncia de un incumplimiento pasado o futuro de una cl\u00e1usula.<\/p>\n<p>16 &#8211; LEGISLACI\u00d3N APLICABLE Y JURISDICCI\u00d3N<\/p>\n<ul>\n<li>Los tribunales ingleses tendr\u00e1n jurisdicci\u00f3n exclusiva sobre cualquier reclamo que derive de una visita al Sitio o tenga relaci\u00f3n con \u00e9l.<\/li>\n<li>Los presentes t\u00e9rminos quedar\u00e1n supeditados a la legislaci\u00f3n inglesa, y cualquier controversia o reclamo (incluidos los no contractuales) quedar\u00e1 sujeto a la jurisdicci\u00f3n exclusiva de los tribunales de Inglaterra.<\/li>\n<\/ul>\n<p>Los presentes T\u00e9rminos se actualizaron por \u00faltima vez el 14 de junio de 2019.<\/p>\n","protected":false},"excerpt":{"rendered":"1 &#8211; QUI\u00c9NES SOMOS El sitio web de ShortsTV (el \u201cSitio\u201d) es propiedad de Shorts International Limited (\u201cSIL\u201d), 64 Great Eastern Street, Londres EC2A 3QR, n\u00famero de sociedad 03962510. Puede contactarnos por correo electr\u00f3nico a\u00a0info@shorts.tv\u00a0o llamando al + 44(0)207 613 5400. 2 &#8211; DEFINICIONES \u201cContenido\u201d se define como cualquier tipo de texto, imagen, video, audio [&hellip;]","protected":false},"author":1,"featured_media":0,"parent":0,"menu_order":220,"comment_status":"closed","ping_status":"closed","template":"templates\/terms.php","meta":[],"_links":{"self":[{"href":"https:\/\/shorts.tv\/es\/wp-json\/wp\/v2\/pages\/1478"}],"collection":[{"href":"https:\/\/shorts.tv\/es\/wp-json\/wp\/v2\/pages"}],"about":[{"href":"https:\/\/shorts.tv\/es\/wp-json\/wp\/v2\/types\/page"}],"author":[{"embeddable":true,"href":"https:\/\/shorts.tv\/es\/wp-json\/wp\/v2\/users\/1"}],"replies":[{"embeddable":true,"href":"https:\/\/shorts.tv\/es\/wp-json\/wp\/v2\/comments?post=1478"}],"version-history":[{"count":6,"href":"https:\/\/shorts.tv\/es\/wp-json\/wp\/v2\/pages\/1478\/revisions"}],"predecessor-version":[{"id":2557,"href":"https:\/\/shorts.tv\/es\/wp-json\/wp\/v2\/pages\/1478\/revisions\/2557"}],"wp:attachment":[{"href":"https:\/\/shorts.tv\/es\/wp-json\/wp\/v2\/media?parent=1478"}],"curies":[{"name":"wp","href":"https:\/\/api.w.org\/{rel}","templated":true}]}}